{"id":22143,"date":"2015-06-19T03:48:15","date_gmt":"2015-06-19T02:48:15","guid":{"rendered":"http:\/\/physiomereenfant.com\/?page_id=22143"},"modified":"2015-11-03T21:23:15","modified_gmt":"2015-11-03T20:23:15","slug":"useful-links","status":"publish","type":"page","link":"https:\/\/physiomereenfant.com\/en\/useful-links\/","title":{"rendered":"Useful links"},"content":{"rendered":"<div class=\"wpb-content-wrapper\"><p>[vc_row css=&#8221;.vc_custom_1428089626916{margin-bottom: 50px !important;}&#8221; row_type=&#8221;row&#8221; use_row_as_full_screen_section=&#8221;no&#8221; type=&#8221;full_width&#8221; in_content_menu=&#8221;&#8221; icon_pack=&#8221;font_awesome&#8221; content_menu_fe_icon=&#8221;arrow_back&#8221; text_align=&#8221;left&#8221; pattern_background=&#8221;&#8221;][vc_column width=&#8221;1\/1&#8243;][vc_column_text]<\/p>\n<h5>Useful links<\/h5>\n<p>[\/vc_column_text][\/vc_column][\/vc_row][vc_row css=&#8221;.vc_custom_1428089289357{margin-bottom: 30px !important;}&#8221; row_type=&#8221;row&#8221; use_row_as_full_screen_section=&#8221;no&#8221; type=&#8221;full_width&#8221; in_content_menu=&#8221;&#8221; icon_pack=&#8221;font_awesome&#8221; content_menu_fe_icon=&#8221;arrow_back&#8221; text_align=&#8221;left&#8221; pattern_background=&#8221;&#8221;][vc_column width=&#8221;5\/6&#8243;][vc_column_text]<strong>Ordre professionnel de la physioth\u00e9rapie du Qu\u00e9bec (OPPQ)<\/strong> <a href=\"http:\/\/oppq.qc.ca\/en\/public\/what-is-physiotherapy\/\" target=\"_blank\">Visit the website<\/a>[\/vc_column_text][\/vc_column][vc_column width=&#8221;1\/6&#8243;][vc_single_image border_color=&#8221;grey&#8221; img_link_large=&#8221;&#8221; img_link_target=&#8221;_blank&#8221; image=&#8221;21721&#8243; img_size=&#8221;full&#8221; link=&#8221;http:\/\/oppq.qc.ca\/grand-public\/definitions-et-presentation\/&#8221;][\/vc_column][\/vc_row][vc_row css=&#8221;.vc_custom_1428089289357{margin-bottom: 30px !important;}&#8221; row_type=&#8221;row&#8221; use_row_as_full_screen_section=&#8221;no&#8221; type=&#8221;full_width&#8221; in_content_menu=&#8221;&#8221; icon_pack=&#8221;font_awesome&#8221; content_menu_fe_icon=&#8221;arrow_back&#8221; text_align=&#8221;left&#8221; pattern_background=&#8221;&#8221;][vc_column width=&#8221;5\/6&#8243;][vc_column_text]<strong>Description of Physiotherapy\u2019s professional range of competence by OPPQ\u00a0<\/strong> <a href=\"http:\/\/oppq.qc.ca\/en\/public\/what-can-we-treat-with-physiotherapy\/interactive-tool-ordre-professionnel-de-la-physiotherapie-du-quebec\/\" target=\"_blank\">Visit\u00a0the website<\/a>[\/vc_column_text][\/vc_column][vc_column width=&#8221;1\/6&#8243;][\/vc_column][\/vc_row][vc_row css=&#8221;.vc_custom_1428089289357{margin-bottom: 30px !important;}&#8221; row_type=&#8221;row&#8221; use_row_as_full_screen_section=&#8221;no&#8221; type=&#8221;full_width&#8221; in_content_menu=&#8221;&#8221; icon_pack=&#8221;font_awesome&#8221; content_menu_fe_icon=&#8221;arrow_back&#8221; text_align=&#8221;left&#8221; pattern_background=&#8221;&#8221;][vc_column width=&#8221;5\/6&#8243;][vc_column_text]<strong>Prenatal and Young Family Center\u00a0:\u00a0<\/strong><a href=\"http:\/\/www.centreprenataletjeunesfamilles.org\/\" target=\"_blank\">Visit\u00a0the website<\/a>\u00a0<span style=\"line-height: 1.5;\">(438) 288-4448<\/span>[\/vc_column_text][\/vc_column][vc_column width=&#8221;1\/6&#8243;][vc_single_image border_color=&#8221;grey&#8221; img_link_large=&#8221;&#8221; img_link_target=&#8221;_blank&#8221; image=&#8221;21746&#8243; img_size=&#8221;full&#8221; link=&#8221;http:\/\/www.centreprenataletjeunesfamilles.org\/&#8221;][\/vc_column][\/vc_row][vc_row css=&#8221;.vc_custom_1428089289357{margin-bottom: 30px !important;}&#8221; row_type=&#8221;row&#8221; use_row_as_full_screen_section=&#8221;no&#8221; type=&#8221;full_width&#8221; in_content_menu=&#8221;&#8221; icon_pack=&#8221;font_awesome&#8221; content_menu_fe_icon=&#8221;arrow_back&#8221; text_align=&#8221;left&#8221; pattern_background=&#8221;&#8221;][vc_column width=&#8221;5\/6&#8243;][vc_column_text]<strong>CSSS Vaudreuil-Soulanges <\/strong>\u00a0<a href=\"http:\/\/www.santemonteregie.qc.ca\/vaudreuil-soulanges\">Visit\u00a0the website<\/a> (450) 455-6171[\/vc_column_text][\/vc_column][vc_column width=&#8221;1\/6&#8243;][vc_single_image border_color=&#8221;grey&#8221; img_link_large=&#8221;&#8221; img_link_target=&#8221;_blank&#8221; image=&#8221;21913&#8243; img_size=&#8221;full&#8221; link=&#8221;http:\/\/www.santemonteregie.qc.ca\/vaudreuil-soulanges\/index.fr.html&#8221; css=&#8221;.vc_custom_1428093107245{padding-top: 30px !important;}&#8221;][\/vc_column][\/vc_row][vc_row css=&#8221;.vc_custom_1428089289357{margin-bottom: 30px !important;}&#8221; row_type=&#8221;row&#8221; use_row_as_full_screen_section=&#8221;no&#8221; type=&#8221;full_width&#8221; in_content_menu=&#8221;&#8221; icon_pack=&#8221;font_awesome&#8221; content_menu_fe_icon=&#8221;arrow_back&#8221; text_align=&#8221;left&#8221; pattern_background=&#8221;&#8221;][vc_column width=&#8221;5\/6&#8243;][vc_column_text]<strong>Centre Mont\u00e9r\u00e9gien de R\u00e9adaptation (CMR)<\/strong> <a href=\"http:\/\/www.cmrmonteregie.ca\/\">Visit\u00a0the\u00a0website <\/a>450 676-7447[\/vc_column_text][\/vc_column][vc_column width=&#8221;1\/6&#8243;][vc_single_image border_color=&#8221;grey&#8221; img_link_large=&#8221;&#8221; img_link_target=&#8221;_blank&#8221; image=&#8221;21914&#8243; img_size=&#8221;full&#8221; link=&#8221;http:\/\/www.cmrmonteregie.ca\/&#8221;][\/vc_column][\/vc_row][vc_row css=&#8221;.vc_custom_1428089289357{margin-bottom: 30px !important;}&#8221; row_type=&#8221;row&#8221; use_row_as_full_screen_section=&#8221;no&#8221; type=&#8221;full_width&#8221; in_content_menu=&#8221;&#8221; icon_pack=&#8221;font_awesome&#8221; content_menu_fe_icon=&#8221;arrow_back&#8221; text_align=&#8221;left&#8221; pattern_background=&#8221;&#8221;][vc_column width=&#8221;5\/6&#8243;][vc_column_text]<strong>CHU Sainte-Justine<\/strong> <a style=\"line-height: 1.5;\" href=\"http:\/\/www.chusj.org\/en\/Home\">Visit\u00a0the website<\/a>\u00a0(514) 345-4931[\/vc_column_text][\/vc_column][vc_column width=&#8221;1\/6&#8243;][vc_single_image border_color=&#8221;grey&#8221; img_link_large=&#8221;&#8221; img_link_target=&#8221;_blank&#8221; image=&#8221;21915&#8243; img_size=&#8221;full&#8221; link=&#8221;http:\/\/www.chusj.org\/fr\/accueil&#8221;][\/vc_column][\/vc_row][vc_row css=&#8221;.vc_custom_1428089289357{margin-bottom: 30px !important;}&#8221; row_type=&#8221;row&#8221; use_row_as_full_screen_section=&#8221;no&#8221; type=&#8221;full_width&#8221; in_content_menu=&#8221;&#8221; icon_pack=&#8221;font_awesome&#8221; content_menu_fe_icon=&#8221;arrow_back&#8221; text_align=&#8221;left&#8221; pattern_background=&#8221;&#8221;][vc_column width=&#8221;5\/6&#8243;][vc_column_text]<strong>Montreal Children\u2019s Hospital<\/strong>:\u00a0 <a href=\"http:\/\/www.thechildren.com\/\">Visit the website<\/a> 514 412-4400[\/vc_column_text][\/vc_column][vc_column width=&#8221;1\/6&#8243;][vc_single_image border_color=&#8221;grey&#8221; img_link_large=&#8221;&#8221; img_link_target=&#8221;_blank&#8221; image=&#8221;21916&#8243; img_size=&#8221;full&#8221; link=&#8221;http:\/\/www.hopitalpourenfants.com\/&#8221; css=&#8221;.vc_custom_1428093167477{padding-top: 25px !important;}&#8221;][\/vc_column][\/vc_row][vc_row css=&#8221;.vc_custom_1428089289357{margin-bottom: 30px !important;}&#8221; row_type=&#8221;row&#8221; use_row_as_full_screen_section=&#8221;no&#8221; type=&#8221;full_width&#8221; in_content_menu=&#8221;&#8221; icon_pack=&#8221;font_awesome&#8221; content_menu_fe_icon=&#8221;arrow_back&#8221; text_align=&#8221;left&#8221; pattern_background=&#8221;&#8221;][vc_column width=&#8221;5\/6&#8243;][vc_column_text]<strong>Shriners Hospital for Children\u00a0:\u00a0<\/strong><a href=\"http:\/\/shrinersexceptionalcampaign.ca\/\">Visit\u00a0the website<\/a> 514 842-4464[\/vc_column_text][\/vc_column][vc_column width=&#8221;1\/6&#8243;][vc_single_image border_color=&#8221;grey&#8221; img_link_large=&#8221;&#8221; img_link_target=&#8221;_blank&#8221; image=&#8221;21917&#8243; img_size=&#8221;full&#8221; link=&#8221;http:\/\/www.hopitalexceptionnel.com\/fr\/&#8221; css=&#8221;.vc_custom_1428093174166{padding-top: 20px !important;}&#8221;][\/vc_column][\/vc_row][vc_row css=&#8221;.vc_custom_1428089289357{margin-bottom: 30px !important;}&#8221; row_type=&#8221;row&#8221; use_row_as_full_screen_section=&#8221;no&#8221; type=&#8221;full_width&#8221; in_content_menu=&#8221;&#8221; icon_pack=&#8221;font_awesome&#8221; content_menu_fe_icon=&#8221;arrow_back&#8221; text_align=&#8221;left&#8221; pattern_background=&#8221;&#8221;][vc_column width=&#8221;5\/6&#8243;][vc_column_text]<strong>Video of the <em>Federation des cliniques privees de physiotherapie du Quebec (FCPPQ)\u00a0<\/em>describing pediatric physiotherapy (French)<em>:<\/em><\/strong><\/p>\n<p><a href=\"http:\/\/physioquebec.com\/portfolio\/2476\/\">Play video<\/a>[\/vc_column_text][\/vc_column][vc_column width=&#8221;1\/6&#8243;][vc_single_image border_color=&#8221;grey&#8221; img_link_large=&#8221;&#8221; img_link_target=&#8221;_blank&#8221; image=&#8221;21918&#8243; img_size=&#8221;full&#8221; link=&#8221;http:\/\/physioquebec.com\/portfolio\/2476\/&#8221;][\/vc_column][\/vc_row][vc_row css=&#8221;.vc_custom_1428089289357{margin-bottom: 30px !important;}&#8221; row_type=&#8221;row&#8221; use_row_as_full_screen_section=&#8221;no&#8221; type=&#8221;full_width&#8221; in_content_menu=&#8221;&#8221; icon_pack=&#8221;font_awesome&#8221; content_menu_fe_icon=&#8221;arrow_back&#8221; text_align=&#8221;left&#8221; pattern_background=&#8221;&#8221;][vc_column width=&#8221;5\/6&#8243;][vc_column_text]<strong>Na\u00eetre et grandir:\u00a0<\/strong>\u00a0<a href=\"http:\/\/naitreetgrandir.com\/en\/feature\/\">Visit the\u00a0website<\/a>[\/vc_column_text][\/vc_column][vc_column width=&#8221;1\/6&#8243;][vc_single_image border_color=&#8221;grey&#8221; img_link_large=&#8221;&#8221; img_link_target=&#8221;_blank&#8221; image=&#8221;21919&#8243; img_size=&#8221;full&#8221; link=&#8221;http:\/\/naitreetgrandir.com\/fr\/&#8221;][\/vc_column][\/vc_row][vc_row css=&#8221;.vc_custom_1428089289357{margin-bottom: 30px !important;}&#8221; row_type=&#8221;row&#8221; use_row_as_full_screen_section=&#8221;no&#8221; type=&#8221;full_width&#8221; in_content_menu=&#8221;&#8221; icon_pack=&#8221;font_awesome&#8221; content_menu_fe_icon=&#8221;arrow_back&#8221; text_align=&#8221;left&#8221; pattern_background=&#8221;&#8221;][vc_column width=&#8221;5\/6&#8243;][vc_column_text]<strong>Cerebralpalsysymptoms.com: Information on the many aspects of cerebral palsy and other birth injury complications.\u00a0<\/strong>\u00a0<a href=\"http:\/\/www.cerebralpalsysymptoms.com\/\" target=\"_blank\">Visit the website<\/a>[\/vc_column_text][\/vc_column][vc_column width=&#8221;1\/6&#8243;][vc_single_image border_color=&#8221;grey&#8221; img_link_large=&#8221;&#8221; img_link_target=&#8221;_blank&#8221; image=&#8221;22315&#8243; img_size=&#8221;full&#8221; link=&#8221;http:\/\/www.cerebralpalsysymptoms.com\/&#8221;][\/vc_column][\/vc_row][vc_row css=&#8221;.vc_custom_1428089289357{margin-bottom: 30px !important;}&#8221; row_type=&#8221;row&#8221; use_row_as_full_screen_section=&#8221;no&#8221; type=&#8221;full_width&#8221; in_content_menu=&#8221;&#8221; icon_pack=&#8221;font_awesome&#8221; content_menu_fe_icon=&#8221;arrow_back&#8221; text_align=&#8221;left&#8221; pattern_background=&#8221;&#8221;][vc_column width=&#8221;5\/6&#8243;][vc_column_text]<strong>Laboratoire de Chantal Dumoulin : Information sur l\u2019incontinence urinaire (French)<\/strong><\/p>\n<p><a href=\"http:\/\/www.criugm.qc.ca\/labo\/Chantal_Dumoulin\/information-sur-lincontinence-urinaire\/\">Visit the website<\/a>[\/vc_column_text][\/vc_column][vc_column width=&#8221;1\/6&#8243;][\/vc_column][\/vc_row][vc_row css=&#8221;.vc_custom_1428091053934{margin-top: 70px !important;margin-bottom: 50px !important;}&#8221; row_type=&#8221;row&#8221; use_row_as_full_screen_section=&#8221;no&#8221; type=&#8221;full_width&#8221; in_content_menu=&#8221;&#8221; icon_pack=&#8221;font_awesome&#8221; content_menu_fe_icon=&#8221;arrow_back&#8221; text_align=&#8221;left&#8221; pattern_background=&#8221;&#8221;][vc_column width=&#8221;1\/1&#8243;][vc_column_text]<\/p>\n<h5><strong>Organisms for children with physical handicap in Vaudreuil-Soulanges\u00a0:<\/strong><\/h5>\n<p>[\/vc_column_text][\/vc_column][\/vc_row][vc_row css=&#8221;.vc_custom_1428089289357{margin-bottom: 30px !important;}&#8221; row_type=&#8221;row&#8221; use_row_as_full_screen_section=&#8221;no&#8221; type=&#8221;full_width&#8221; in_content_menu=&#8221;&#8221; icon_pack=&#8221;font_awesome&#8221; content_menu_fe_icon=&#8221;arrow_back&#8221; text_align=&#8221;left&#8221; pattern_background=&#8221;&#8221;][vc_column width=&#8221;5\/6&#8243;][vc_column_text]<strong>La Rel\u00e2che\u00a0:\u00a0<\/strong>Specialized services for disabled children between 4 and 21 years old from Vaudreuil-Soulanges. (Summer day camp, Respite)<\/p>\n<p>401 boul. Harwood, Vaudreuil-Dorion, Qc<\/p>\n<p><a href=\"mailto:larelachevs@hotmail.com\">larelachevs@hotmail.com<\/a>\u00a0<a href=\"http:\/\/www.facebook.com\/pages\/La-Rel%C3%A2che\/698704840201391\" target=\"_blank\">Facebook<\/a>[\/vc_column_text][\/vc_column][vc_column width=&#8221;1\/6&#8243;][vc_single_image border_color=&#8221;grey&#8221; img_link_large=&#8221;&#8221; img_link_target=&#8221;_blank&#8221; image=&#8221;21927&#8243; link=&#8221;https:\/\/www.facebook.com\/pages\/La-Rel%C3%A2che\/698704840201391&#8243; img_size=&#8221;full&#8221;][\/vc_column][\/vc_row][vc_row css=&#8221;.vc_custom_1428089289357{margin-bottom: 30px !important;}&#8221; row_type=&#8221;row&#8221; use_row_as_full_screen_section=&#8221;no&#8221; type=&#8221;full_width&#8221; in_content_menu=&#8221;&#8221; icon_pack=&#8221;font_awesome&#8221; content_menu_fe_icon=&#8221;arrow_back&#8221; text_align=&#8221;left&#8221; pattern_background=&#8221;&#8221;][vc_column width=&#8221;5\/6&#8243;][vc_column_text]<strong>Parents d\u2019Enfants Handicap\u00e9s avec Difficult\u00e9s d\u2019Adaptation ou d\u2019Apprentissage (P.E.H.D.A.A.)<\/strong>\u00a0:\u00a0Clients: Children living in the territory of Vaudreuil-Soulanges, with or without physical handicap associated with intellectual handicap or autism spectrum disorder, aged 12 years and more. Activities; summer camp; week-end respite; family support; social integration; day care for the 12-21 years old at school.<\/p>\n<p>420, Chicoine, Vaudreuil-Dorion, QC J7V 7E4,<\/p>\n<p>(450) 424-7505 <a href=\"mailto:info@pehdaa.ca\">info@pehdaa.ca<\/a>\u00a0<a href=\"https:\/\/www.facebook.com\/pages\/PEHDAA\/123349796255\" target=\"_blank\">Facebook<\/a>[\/vc_column_text][\/vc_column][vc_column width=&#8221;1\/6&#8243;][vc_single_image border_color=&#8221;grey&#8221; img_link_large=&#8221;&#8221; img_link_target=&#8221;_blank&#8221; image=&#8221;21923&#8243; img_size=&#8221;full&#8221; link=&#8221;https:\/\/www.facebook.com\/pages\/PEHDAA\/123349796255&#8243;][\/vc_column][\/vc_row][vc_row css=&#8221;.vc_custom_1428091061876{margin-top: 70px !important;margin-bottom: 50px !important;}&#8221; row_type=&#8221;row&#8221; use_row_as_full_screen_section=&#8221;no&#8221; type=&#8221;full_width&#8221; in_content_menu=&#8221;&#8221; icon_pack=&#8221;font_awesome&#8221; content_menu_fe_icon=&#8221;arrow_back&#8221; text_align=&#8221;left&#8221; pattern_background=&#8221;&#8221;][vc_column width=&#8221;1\/1&#8243;][vc_column_text]<\/p>\n<h5>Recommended books :<\/h5>\n<p>[\/vc_column_text][\/vc_column][\/vc_row][vc_row css=&#8221;.vc_custom_1428089289357{margin-bottom: 30px !important;}&#8221; row_type=&#8221;row&#8221; use_row_as_full_screen_section=&#8221;no&#8221; type=&#8221;full_width&#8221; in_content_menu=&#8221;&#8221; icon_pack=&#8221;font_awesome&#8221; content_menu_fe_icon=&#8221;arrow_back&#8221; text_align=&#8221;left&#8221; pattern_background=&#8221;&#8221;][vc_column width=&#8221;1\/6&#8243;][vc_single_image border_color=&#8221;grey&#8221; img_link_large=&#8221;&#8221; img_link_target=&#8221;_blank&#8221; image=&#8221;21909&#8243; img_size=&#8221;full&#8221; alignment=&#8221;center&#8221; link=&#8221;http:\/\/www.conseilsdunphysio.com\/&#8221;][\/vc_column][vc_column width=&#8221;5\/6&#8243;][vc_column_text]<strong><em>Conseils d\u2019un physio<\/em><\/strong> <a href=\"http:\/\/www.conseilsdunphysio.com\">conseilsdunphysio.com<\/a>[\/vc_column_text][\/vc_column][\/vc_row][vc_row css=&#8221;.vc_custom_1428089289357{margin-bottom: 30px !important;}&#8221; row_type=&#8221;row&#8221; use_row_as_full_screen_section=&#8221;no&#8221; type=&#8221;full_width&#8221; in_content_menu=&#8221;&#8221; icon_pack=&#8221;font_awesome&#8221; content_menu_fe_icon=&#8221;arrow_back&#8221; text_align=&#8221;left&#8221; pattern_background=&#8221;&#8221;][vc_column width=&#8221;1\/6&#8243;][vc_single_image border_color=&#8221;grey&#8221; img_link_large=&#8221;&#8221; img_link_target=&#8221;_blank&#8221; image=&#8221;21908&#8243; img_size=&#8221;full&#8221; alignment=&#8221;center&#8221; link=&#8221;http:\/\/www.editions-chu-sainte-justine.org\/livres\/regarde-moi-95.html&#8221;][\/vc_column][vc_column width=&#8221;5\/6&#8243;][vc_column_text]<strong><em>Regarde-moi\u00a0: Le d\u00e9veloppement neuromoteur de 0 \u00e0 15 mois<\/em><\/strong> <a href=\"http:\/\/www.editions-chu-sainte-justine.org\/livres\/regarde-moi-95.html\">\u00c9ditions CHU Ste-Justine<\/a>[\/vc_column_text][\/vc_column][\/vc_row][vc_row css=&#8221;.vc_custom_1428092036157{margin-bottom: 150px !important;}&#8221; row_type=&#8221;row&#8221; use_row_as_full_screen_section=&#8221;no&#8221; type=&#8221;full_width&#8221; in_content_menu=&#8221;&#8221; icon_pack=&#8221;font_awesome&#8221; content_menu_fe_icon=&#8221;arrow_back&#8221; text_align=&#8221;left&#8221; pattern_background=&#8221;&#8221;][vc_column width=&#8221;1\/6&#8243;][vc_single_image border_color=&#8221;grey&#8221; img_link_large=&#8221;&#8221; img_link_target=&#8221;_blank&#8221; image=&#8221;21910&#8243; img_size=&#8221;full&#8221; alignment=&#8221;center&#8221; link=&#8221;http:\/\/www.editions-chu-sainte-justine.org\/livres\/avant-apres-bebe-218.html&#8221;][\/vc_column][vc_column width=&#8221;5\/6&#8243;][vc_column_text]<strong><em>Avant et apr\u00e8s b\u00e9b\u00e9\u00a0: Exercices et conseils<\/em><\/strong> <a href=\"http:\/\/www.editions-chu-sainte-justine.org\/livres\/avant-apres-bebe-218.html\">\u00c9ditions CHU Ste-Justine<\/a>[\/vc_column_text][\/vc_column][\/vc_row]<\/p>\n<\/div>","protected":false},"excerpt":{"rendered":"<p>[vc_row css=&#8221;.vc_custom_1428089626916{margin-bottom: 50px !important;}&#8221; row_type=&#8221;row&#8221; use_row_as_full_screen_section=&#8221;no&#8221; type=&#8221;full_width&#8221; in_content_menu=&#8221;&#8221; icon_pack=&#8221;font_awesome&#8221; content_menu_fe_icon=&#8221;arrow_back&#8221; text_align=&#8221;left&#8221; pattern_background=&#8221;&#8221;][vc_column width=&#8221;1\/1&#8243;][vc_column_text] Useful links [\/vc_column_text][\/vc_column][\/vc_row][vc_row css=&#8221;.vc_custom_1428089289357{margin-bottom: 30px !important;}&#8221; row_type=&#8221;row&#8221; use_row_as_full_screen_section=&#8221;no&#8221; type=&#8221;full_width&#8221; in_content_menu=&#8221;&#8221; icon_pack=&#8221;font_awesome&#8221; content_menu_fe_icon=&#8221;arrow_back&#8221; text_align=&#8221;left&#8221; pattern_background=&#8221;&#8221;][vc_column width=&#8221;5\/6&#8243;][vc_column_text]Ordre professionnel de la physioth\u00e9rapie du Qu\u00e9bec (OPPQ) Visit the website[\/vc_column_text][\/vc_column][vc_column width=&#8221;1\/6&#8243;][vc_single_image border_color=&#8221;grey&#8221; img_link_large=&#8221;&#8221; img_link_target=&#8221;_blank&#8221; image=&#8221;21721&#8243; img_size=&#8221;full&#8221; link=&#8221;http:\/\/oppq.qc.ca\/grand-public\/definitions-et-presentation\/&#8221;][\/vc_column][\/vc_row][vc_row&#8230;<\/p>\n","protected":false},"author":1,"featured_media":0,"parent":0,"menu_order":0,"comment_status":"open","ping_status":"open","template":"","meta":{"_exactmetrics_skip_tracking":false,"_exactmetrics_sitenote_active":false,"_exactmetrics_sitenote_note":"","_exactmetrics_sitenote_category":0,"footnotes":""},"class_list":["post-22143","page","type-page","status-publish","hentry"],"_links":{"self":[{"href":"https:\/\/physiomereenfant.com\/en\/wp-json\/wp\/v2\/pages\/22143","targetHints":{"allow":["GET"]}}],"collection":[{"href":"https:\/\/physiomereenfant.com\/en\/wp-json\/wp\/v2\/pages"}],"about":[{"href":"https:\/\/physiomereenfant.com\/en\/wp-json\/wp\/v2\/types\/page"}],"author":[{"embeddable":true,"href":"https:\/\/physiomereenfant.com\/en\/wp-json\/wp\/v2\/users\/1"}],"replies":[{"embeddable":true,"href":"https:\/\/physiomereenfant.com\/en\/wp-json\/wp\/v2\/comments?post=22143"}],"version-history":[{"count":5,"href":"https:\/\/physiomereenfant.com\/en\/wp-json\/wp\/v2\/pages\/22143\/revisions"}],"predecessor-version":[{"id":22319,"href":"https:\/\/physiomereenfant.com\/en\/wp-json\/wp\/v2\/pages\/22143\/revisions\/22319"}],"wp:attachment":[{"href":"https:\/\/physiomereenfant.com\/en\/wp-json\/wp\/v2\/media?parent=22143"}],"curies":[{"name":"wp","href":"https:\/\/api.w.org\/{rel}","templated":true}]}}